{"id":2314,"date":"2023-07-31T10:14:35","date_gmt":"2023-07-31T10:14:35","guid":{"rendered":"https:\/\/gosciniecukrysi.pl\/?page_id=2314"},"modified":"2023-08-07T14:24:25","modified_gmt":"2023-08-07T14:24:25","slug":"atrakcje","status":"publish","type":"page","link":"https:\/\/gosciniecukrysi.pl\/index.php\/atrakcje\/","title":{"rendered":"ATRAKCJE"},"content":{"rendered":"<section class=\"wpb-content-wrapper\"><p>[vc_row][vc_column][vc_column_text]<\/p>\n<h1 style=\"text-align: center;\">LATO na Podhalu<\/h1>\n<p>[\/vc_column_text][vc_single_image image=&#8221;2338&#8243; img_size=&#8221;full&#8221; alignment=&#8221;center&#8221;][vc_column_text css=&#8221;.vc_custom_1690823179563{padding-right: 50px !important;padding-left: 50px !important;}&#8221;]<\/p>\n<p style=\"text-align: justify;\">Na pocz\u0105tek wspomnimy klasyczne, piesze wycieczki po g\u00f3rach i dolinach &#8211; nad <strong>Rusinow\u0105 Polan\u0119, Morskie Oko lub Dolin\u0119 Chocho\u0142owsk\u0105.<\/strong> Odwiedziny w ni\u017cej po\u0142o\u017conych, ale r\u00f3wnie malowniczych miejscach &#8211; jak cho\u0107by<strong> Zamek w Niedzicy<\/strong> &#8211; zagwarantuj\u0105 Wam te\u017c niesamowite zdj\u0119cia na instagramowych profilach. Prawdziwe fotograficzne pere\u0142ki mo\u017cecie r\u00f3wnie\u017c upolowa\u0107 podczas spaceru z Polany Szymoszkowej do stacji Harenda \u2013 obie stacje s\u0105 czynne, wi\u0119c do najlepszych punkt\u00f3w widokowych mo\u017cecie dotrze\u0107 zar\u00f3wno pieszo, jak te\u017c wygodn\u0105 kolej\u0105!<\/p>\n<p style=\"text-align: justify;\">Tym natomiast, kt\u00f3rzy <strong>lubi\u0105 podr\u00f3\u017cowa\u0107 na dw\u00f3ch k\u00f3\u0142kach,<\/strong> polecamy podhala\u0144skie i spiskie<strong> trasy rowerowe &#8211; s\u0105 nie tylko wyj\u0105tkowo widowiskowe, ale te\u017c zadbane i dobrze wyposa\u017cone w punkty serwisowe. <\/strong>Zaplecze rowerowe niedaleko o\u015brodka Czorsztyn Ski czy trasa zjazdowa w Kotelnicy Bia\u0142cza\u0144skiej spe\u0142niaj\u0105 wymagania pocz\u0105tkuj\u0105cych i \u015bredniozaawansowanych rowerzyst\u00f3w, natomiast wspomniana wy\u017cej Harenda zadowoli fan\u00f3w bardziej stromego i wymagaj\u0105cego terenu. Je\u015bli zastanawiacie si\u0119 nad typowo rekreacyjnym wyjazdem w nasze strony, pomy\u015blcie r\u00f3wnie\u017c o <strong>wspinaczce ska\u0142kowej,<\/strong> kt\u00f3ra przyci\u0105ga na po\u0142udnie Polski coraz wi\u0119ksze grono sympatyk\u00f3w i jest dobrym pocz\u0105tkiem przygody z wspinaczk\u0105 wysokog\u00f3rsk\u0105!<\/p>\n<p>[\/vc_column_text][vc_single_image image=&#8221;2339&#8243; img_size=&#8221;full&#8221; alignment=&#8221;center&#8221;][vc_column_text css=&#8221;.vc_custom_1691418253679{padding-right: 50px !important;padding-left: 50px !important;}&#8221;]<\/p>\n<p style=\"text-align: justify;\">W czasie lata, wraz z temperatur\u0105 wzrasta zainteresowanie wszystkimi atrakcjami wodnymi. A tych na Podhalu nie brakuje &#8211; pocz\u0105wszy od rozbudowanych, <strong>bogatych w atrakcje dla ca\u0142ej rodziny aquapark\u00f3w<\/strong> &#8211; z kt\u00f3rych najbardziej znany jest ten w Zakopanem &#8211; a\u017c po<strong> k\u0105pieliska termalne z ofert\u0105 lecznicz\u0105 i pe\u0142nym zapleczem wellness.<\/strong><\/p>\n<p style=\"text-align: justify;\">Innym sposobem na letnie orze\u017awienie jest poszukiwanie \u201cdzikich\u201d miejsc &#8211; strumieni, potok\u00f3w, o kt\u00f3re nietrudno w naszym regionie. Woda w nich z regu\u0142y jest ch\u0142odna i krystalicznie czysta, dlatego idealna na letnie upa\u0142y. Ciekaw\u0105 alternatyw\u0105 dla zimnych \u017ar\u00f3de\u0142jest k\u0105pielisko na Polanie Szymoszkowej, kt\u00f3rego wody posiadaj\u0105 status w\u00f3d termalnych i naturaln\u0105, przyjemn\u0105 temperatur\u0119 ok. 30 stopni. <strong>Gor\u0105co polecamy Wam tak\u017ce odwiedziny nad Jeziorem Czorszty\u0144skim, gdzie znajdziecie nie tylko strze\u017cone k\u0105pieliska, ale r\u00f3wnie\u017c sporo infrastruktury i sprz\u0119tu do uprawiania sport\u00f3w wodnych oraz w\u0119dkowania!<\/strong><\/p>\n<p>[\/vc_column_text][vc_column_text]<\/p>\n<h1 style=\"text-align: center;\">Zima w Zakopanem i na Podhalu \u2013 co robi\u0107 i dlaczego warto przyjecha\u0107?<\/h1>\n<p>[\/vc_column_text][\/vc_column][\/vc_row][vc_row overflow=&#8221;default&#8221; css=&#8221;.vc_custom_1690822338340{padding-right: 50px !important;padding-left: 50px !important;}&#8221;][vc_column][vc_column_text]<\/p>\n<p style=\"text-align: justify;\"><strong>Zima w Zakopanem i na Podhalu to przede wszystkim mn\u00f3stwo \u015bwietnie przygotowanych wyci\u0105g\u00f3w narciarskich, wypo\u017cyczalnie sprz\u0119tu zimowego i szk\u00f3\u0142ki narciarskie. Ale to nie wszystko! Podhale i Zakopane oferuje zim\u0105 znacznie, znacznie wi\u0119cej!<\/strong><\/p>\n<p style=\"text-align: justify;\">Oczywi\u015bcie trzeba o tym wspomnie\u0107, bowiem Podhale jest stolic\u0105 polskiego narciarstwa. Na jego terenie funkcjonuje\u00a0<strong>mn\u00f3stwo wyci\u0105g\u00f3w, o r\u00f3\u017cnym stopniu trudno\u015bci<\/strong>, tak wi\u0119c zar\u00f3wno osoba pocz\u0105tkuj\u0105ca, jak i narciarz z do\u015bwiadczeniem znajd\u0105 to co\u015b dla siebie. Co wi\u0119cej,\u00a0<strong>zr\u00f3\u017cnicowane trasy zwykle znajduj\u0105 si\u0119 w obr\u0119bie jednego kompleksu narciarskiego<\/strong>, tak wi\u0119c dzieci mog\u0105 spokojnie uczy\u0107 si\u0119 je\u017adzi\u0107 na o\u015blej \u0142\u0105czce pod okiem instruktora, a doro\u015bli szusowa\u0107 po bardziej wymagaj\u0105cych trasach.<\/p>\n<p style=\"text-align: justify;\">Je\u015bli ju\u017c o instruktorach mowa, to\u00a0<strong>przy ka\u017cdym stoku narciarskim znajduje si\u0119 szk\u00f3\u0142ka<\/strong>, gdzie mo\u017cna wykupi\u0107 indywidualne lekcje z instruktorem. Nawet je\u015bli nigdy nie je\u017adzili\u015bcie na nartach, mo\u017ce warto si\u0119 wreszcie odwa\u017cy\u0107?\u00a0?\u00a0W czasie ferii zimowych\u00a0<strong>dla dzieci cz\u0119sto organizowane s\u0105 r\u00f3wnie\u017c zaj\u0119cia grupowe w szk\u00f3\u0142ce<\/strong>\u00a0\u2013 trwaj\u0105 zwykle 2-3 godziny, podczas kt\u00f3rych dzieci, pod opiek\u0105 instruktor\u00f3w dopracowuj\u0105 swoje narciarskie umiej\u0119tno\u015bci, przy okazji \u015bwietnie si\u0119 bawi\u0105c.<\/p>\n<p style=\"text-align: justify;\">Je\u015bli nie macie swojego sprz\u0119tu,\u00a0<strong>do Waszej dyspozycji s\u0105 wypo\u017cyczalnie, z fachow\u0105 obs\u0142ug\u0105, kt\u00f3ra pomo\u017ce Wam dobra\u0107 odpowiedni rodzaj nart, czy desk\u0119 snowboardow\u0105<\/strong>. Mo\u017cna tam r\u00f3wnie\u017c wypo\u017cyczy\u0107 kaski, kijki, czapki, r\u0119kawiczki i naostrzy\u0107 narty.<\/p>\n<h2><strong>Lodowiska<\/strong><\/h2>\n<p>Ale bia\u0142e szale\u0144stwo to przecie\u017c nie tylko narty i snowboard. Na Podhalu jest<strong>\u00a0kilka lodowisk, cz\u0119sto zlokalizowanych przy wyci\u0105gach narciarskich<\/strong>\u00a0\u2013 dzi\u0119ki temu nie b\u0119dzie k\u0142\u00f3tni, czy jecha\u0107 na \u0142y\u017cwy, czy na narty \u2013 jedziecie w jedno miejsce i ka\u017cdy jest zadowolony. Je\u015bli niekoniecznie lubicie plastikowe buciory z przyczepionymi do nich dwoma deskami, mo\u017ce zamienicie je na buty z dwoma ostrzami? Jazda na \u0142y\u017cwach jest\u00a0<strong>\u015bwietn\u0105 form\u0105 aktywnego sp\u0119dzania czasu<\/strong>\u00a0\u2013 nie do\u015b\u0107, \u017ce poprawia kondycj\u0119 i wzmacnia mi\u0119\u015bnie, to jeszcze dotlenia organizm i wprawia w \u015bwietny nastr\u00f3j.<\/p>\n<p>Lodowiska na Podhalu \u2013 by\u0107 mo\u017ce w tym sezonie zimowym jeszcze jakie\u015b przyb\u0119d\u0105<\/p>\n<ul>\n<li>Zakopane:\n<ul>\n<li><strong>Centralny O\u015brodek Sportu<\/strong>\u00a0\u2013 najwi\u0119ksze lodowisko na Podhalu (180m<sup>2<\/sup>), z bardzo dobrze utrzyman\u0105 nawierzchni\u0105 i torem lodowym, ul. Bronis\u0142awa Czecha 1 (obok skoczni narciarskich)<\/li>\n<li><strong>Lodowisko przy Zespole Szk\u00f3\u0142 Hotelarsko-Turystycznych<\/strong>, ul. Grunwaldzka (obok Parku Miejskiego)<\/li>\n<li><strong>Lodowisko przy Rondzie Solidarno\u015bci<\/strong>, ul. Nowotarska 27<\/li>\n<li><strong>Lodowisko na G\u00f3rnej R\u00f3wni Krupowej<\/strong>, ul. Krup\u00f3wki 73<\/li>\n<li><strong>Lodowisko przy O\u015brodku Narciarskim HARENDA<\/strong>, ul. Harenda 21a, tu\u017c obok wyci\u0105gu krzese\u0142kowego<\/li>\n<\/ul>\n<\/li>\n<li><strong>Bia\u0142ka Tatrza\u0144ska<\/strong>: lodowisko i miasteczko lodowe, ul. \u015arodkowa 183, niedaleko O\u015brodka Narciarskiego Kotelnica<\/li>\n<li><strong>Nowy Targ<\/strong>: Miejska Hala Lodowa, ul. Parkowa 14<\/li>\n<li><strong>Czarny Dunajec:<\/strong>\u00a0kryte lodowisko, ul. Jana Paw\u0142a II 144<\/li>\n<li><strong>Poronin:<\/strong>\u00a0lodowisko przy wyci\u0105gu narciarskim \u201eU Gruloka\u201d, ul. Tatrza\u0144ska 7d<\/li>\n<\/ul>\n<h2><strong>Narciarstwo biegowe<\/strong><\/h2>\n<p>Narty to przecie\u017c nie tylko zjazd ze stoku.\u00a0<strong>Bieg\u00f3wki s\u0105 coraz bardziej popularne<\/strong>, a odpowiedzi\u0105 na to jest coraz wi\u0119cej tras biegowych.\u00a0<strong>Podhale to idealne miejsce do uprawiania narciarstwa biegowego<\/strong>: zr\u00f3\u017cnicowane trasy, zr\u00f3\u017cnicowane ukszta\u0142towanie terenu, wspania\u0142e widoki i mo\u017cliwo\u015b\u0107 wyboru miedzy trasami to tylko niekt\u00f3re z zalet.<\/p>\n<p>Trasy biegowe na Podhalu:<\/p>\n<ul>\n<li>Zakopane:\n<ul>\n<li><strong>trasa biegowa na G\u00f3rnej R\u00f3wni Krupowej<\/strong>\u00a0\u2013 po\u0142o\u017cona w centrum miasta, z pi\u0119knym widokiem na Giewont<\/li>\n<li><strong>trasa biegowa COS<\/strong>\u00a0\u2013 jako jedyna na Podhalu posiada homologacj\u0119 FIS, sztucznie \u015bnie\u017cona, urozmaicona, znajduje si\u0119 przy kompleksie skoczni narciarskich<\/li>\n<li><strong>trasy biegowe Pod Reglami<\/strong>\u00a0\u2013 znajduje si\u0119 na wzg\u00f3rzach po p\u00f3\u0142nocnej stronie Tatr, wspania\u0142y widok na Pasma Guba\u0142owskie, bardzo urozmaicone trasy<\/li>\n<\/ul>\n<\/li>\n<li>Ko\u015bcielisko:\n<ul>\n<li><strong>trasa O\u015brodka Biathlonowego w Kirach<\/strong>, sztucznie \u015bnie\u017cona<\/li>\n<li><strong>trasa biegowa na Chotarzu<\/strong>\u00a0\u2013 dobra trasa dla pocz\u0105tkuj\u0105cych i zaawansowanych, pi\u0119kne widoki<\/li>\n<\/ul>\n<\/li>\n<li><strong>Z\u0105b<\/strong>\u00a0\u2013 trasa biegowa w najwy\u017cej po\u0142o\u017conej wsi w Polsce! Przejazd ni\u0105 jest okazj\u0105 do podziwiania wspania\u0142ej panoramy Tatr. Pocz\u0105tek trasy \u2013 niedaleko ko\u015bcio\u0142a w Z\u0119bie<\/li>\n<li><strong>Bia\u0142ka Tatrza\u0144ska<\/strong>\u00a0\u2013 trasa biegowa Kotelnica Bia\u0142cza\u0144ska-Jankulakowski Wierch, sztucznie \u015bnie\u017cona i o\u015bwietlona, pi\u0119kna panorama Tatr<\/li>\n<li>Nowy Targ:\n<ul>\n<li><strong>trasa przy Stacji Narciarskiej D\u0142uga Polana<\/strong>, jej zalet\u0105 jest sztuczne o\u015bwietlenie, znajduj\u0105 si\u0119 tu dwa tory do jazdy klasycznej i miejsce do jazdy \u0142y\u017cw\u0105<\/li>\n<li><strong>trasa biegowa na lotnisku<\/strong>\u00a0\u2013 d\u0142uga i p\u0142aska trasa, bardzo dobra dla pocz\u0105tkuj\u0105cych<\/li>\n<\/ul>\n<\/li>\n<li><strong>Turbacz<\/strong>\u00a0\u2013 do\u015b\u0107 wymagaj\u0105ca trasa, jednak widoki rekompensuj\u0105 wysi\u0142ek. Trasa biegnie z Obidowej na najwy\u017cszy szczyt Gorc\u00f3w, Turbacz (1310 m.n.p.m.)<\/li>\n<\/ul>\n<p>[\/vc_column_text][\/vc_column][\/vc_row][vc_row][vc_column][vc_single_image image=&#8221;2335&#8243; img_size=&#8221;full&#8221; alignment=&#8221;center&#8221;][vc_column_text css=&#8221;.vc_custom_1690822345273{padding-right: 50px !important;padding-left: 50px !important;}&#8221;]<\/p>\n<h2 style=\"text-align: justify;\"><strong>G\u00f3rskie wycieczki<\/strong><\/h2>\n<p style=\"text-align: justify;\"><strong>Tatry zim\u0105 to co\u015b wspania\u0142ego<\/strong>. Wygl\u0105daj\u0105 zupe\u0142nie inaczej ni\u017c latem, kiedy to t\u0142umy turyst\u00f3w w\u0119druj\u0105 po najpopularniejszych szlakach.\u00a0<strong>Zim\u0105 w Tatrach jest spokojnie, a g\u00f3ry ods\u0142aniaj\u0105 swoje gro\u017an<\/strong><strong>iejsze, ale jak\u017ce wspania\u0142e oblicze<\/strong>. Zim\u0105, przy sprzyjaj\u0105cych warunkach pogodowych\u00a0<strong>warto wybra\u0107 si\u0119 do dolinek reglowych<\/strong>:\u00a0<strong>Ko\u015bcieliskiej<\/strong>,\u00a0<strong>Chocho\u0142owskiej<\/strong>, Str\u0105\u017cyskiej, Bia\u0142ego, Olczyskiej, przej\u015b\u0107\u00a0<strong>\u015acie\u017ck\u0105 nad Reglami<\/strong>, do\u00a0<strong>Morskiego Oka,<\/strong>\u00a0czy wej\u015b\u0107 na\u00a0<strong>Nosal<\/strong>\u00a0lub\u00a0<strong>Kalat\u00f3wki<\/strong>\u00a0\u2013 nawet je\u015bli znacie te miejsca z letnich wycieczek, w ods\u0142onie zimowej prezentuj\u0105 si\u0119 zupe\u0142nie inaczej, jakby\u015bcie byli w zupe\u0142nie innym miejscu.<\/p>\n<p style=\"text-align: justify;\">Przy dobrej pogodzie,<strong>\u00a0je\u015bli dysponujecie odpowiednim sprz\u0119tem i umiej\u0119tno\u015bciami<\/strong>\u00a0warto wybra\u0107 si\u0119 nad Czarny Staw G\u0105sienicowy, Kasprowy, czy w Tatry Zachodnie.<\/p>\n<p>[\/vc_column_text][\/vc_column][\/vc_row][vc_row][vc_column][vc_single_image image=&#8221;2333&#8243; img_size=&#8221;full&#8221; alignment=&#8221;center&#8221;][vc_column_text css=&#8221;.vc_custom_1690822356450{padding-right: 50px !important;padding-left: 50px !important;}&#8221;]<\/p>\n<h2 style=\"text-align: justify;\"><strong>Zimowe kuligi<\/strong><\/h2>\n<p style=\"text-align: justify;\"><strong>Przeja\u017cd\u017cka saniami, ci\u0105gni\u0119tymi przez konie<\/strong>\u00a0w pi\u0119kny, mro\u017any, s\u0142oneczny dzie\u0144? A mo\u017ce\u00a0<strong>kulig z pochodniami<\/strong>\u00a0w zimowy wiecz\u00f3r, zako\u0144czony<strong>\u00a0ogniskiem z pieczeniem kie\u0142basek<\/strong>? Przeja\u017cd\u017cka zimowym zaprz\u0119giem to atrakcja zar\u00f3wno dla dzieci, jak i doros\u0142ych. Ci ostatnio dodatkowo mog\u0105 rozgrza\u0107 si\u0119 g\u00f3ralskim grza\u0144cem\u00a0?\u00a0<strong>Oferta zimowych kulig\u00f3w jest naprawd\u0119 obszerna<\/strong>: przeja\u017cd\u017cka po Zakopanem, jazda za\u015bnie\u017conymi dolinami, z ogniskiem, albo biesiad\u0105 w g\u00f3ralskim sza\u0142asie, przy akompaniamencie kapeli g\u00f3ralskiej, kulig bo\u017conarodzeniowy, kulig sylwestrowy i noworoczny\u2026 Jest w czym wybiera\u0107\u00a0?<\/p>\n<h2 style=\"text-align: justify;\"><strong>Kumoterki<\/strong><\/h2>\n<p style=\"text-align: justify;\">Lub inaczej\u00a0<strong>Parada Gazdowska<\/strong>, jest to cykliczne wydarzenie, b\u0119d\u0105ce<strong>\u00a0g\u00f3ralsk\u0105 tradycj\u0105<\/strong>\u00a0\u2013 takie imprezy odbywa\u0142y si\u0119 ju\u017c podobno w latach 30. XX wieku.\u00a0<strong>Rodziny g\u00f3ralskie z ca\u0142ego Podhala prezentuj\u0105 swoje konne zaprz\u0119gi, aby nast\u0119pnie wystartowa\u0107 w wy\u015bcigu<\/strong>. Opr\u00f3cz wy\u015bcig\u00f3w w saniach, s\u0105 r\u00f3wnie\u017c\u00a0<strong>zawody skiringu<\/strong>\u00a0(narciarz jest ci\u0105gni\u0119ty przez konia, kt\u00f3rego sam powozi) i\u00a0<strong>ski-skiringu<\/strong>\u00a0(narciarz jest ci\u0105gni\u0119ty przez konia, na kt\u00f3rym siedzi je\u017adziec).\u00a0<strong>Ca\u0142a impreza jest bardzo widowiskowa i niezwykle interesuj\u0105ca. Wspania\u0142a zabawa gwarantowana!<\/strong><\/p>\n<p style=\"text-align: justify;\">Kumoterki zwykle odbywaj\u0105 si\u0119\u00a0<strong>w styczniu i lutym<\/strong>, r\u00f3\u017cnych miejscowo\u015bciach Podhala: Zakopanem, Bia\u0142ym Dunajcu, Poroninie, Ko\u015bcielisku, Bia\u0142ce i Bukowinie Tatrza\u0144skiej, Lud\u017amierzu, Ma\u0142ym Cichem, Szaflarach i Zakopanem.<\/p>\n<h2 style=\"text-align: justify;\"><strong>Lodowy labirynt<\/strong><\/h2>\n<p style=\"text-align: justify;\">Od niedawna, ka\u017cdej zimy teren obok skoczni narciarskiej w Zakopanem zamienia si\u0119 w\u00a0<strong>najwi\u0119kszy w Polsce Lodowy Labirynt.<\/strong>\u00a0Jego korytarze licz\u0105\u00a0<strong>kilkaset metr\u00f3w<\/strong>! Obok znajduje si\u0119 r\u00f3wnie\u017c\u00a0<strong>Lodowy Zamek<\/strong>.<\/p>\n<h6 style=\"text-align: right;\">Artyku\u0142 strony: https:\/\/zakopane.com\/2017\/11\/zima-w-zakopanem-i-na-podhalu\/<\/h6>\n<p>[\/vc_column_text][\/vc_column][\/vc_row][vc_row][vc_column][vc_single_image image=&#8221;2332&#8243; img_size=&#8221;full&#8221; alignment=&#8221;center&#8221;][\/vc_column][\/vc_row][vc_row][vc_column][\/vc_column][\/vc_row]<\/p>\n<\/section>","protected":false},"excerpt":{"rendered":"<p>[vc_row][vc_column][vc_column_text] LATO na Podhalu [\/vc_column_text][vc_single_image image=&#8221;2338&#8243; img_size=&#8221;full&#8221; alignment=&#8221;center&#8221;][vc_column_text css=&#8221;.vc_custom_1690823179563{padding-right: 50px !important;padding-left: 50px !important;}&#8221;] Na pocz\u0105tek wspomnimy klasyczne, piesze wycieczki po g\u00f3rach i dolinach &#8211; nad Rusinow\u0105 Polan\u0119, Morskie Oko lub Dolin\u0119 Chocho\u0142owsk\u0105. Odwiedziny w ni\u017cej po\u0142o\u017conych, ale r\u00f3wnie malowniczych miejscach &#8211; jak cho\u0107by Zamek w&#8230;<\/p>\n","protected":false},"author":1,"featured_media":0,"parent":0,"menu_order":0,"comment_status":"closed","ping_status":"closed","template":"","meta":[],"_links":{"self":[{"href":"https:\/\/gosciniecukrysi.pl\/index.php\/wp-json\/wp\/v2\/pages\/2314"}],"collection":[{"href":"https:\/\/gosciniecukrysi.pl\/index.php\/wp-json\/wp\/v2\/pages"}],"about":[{"href":"https:\/\/gosciniecukrysi.pl\/index.php\/wp-json\/wp\/v2\/types\/page"}],"author":[{"embeddable":true,"href":"https:\/\/gosciniecukrysi.pl\/index.php\/wp-json\/wp\/v2\/users\/1"}],"replies":[{"embeddable":true,"href":"https:\/\/gosciniecukrysi.pl\/index.php\/wp-json\/wp\/v2\/comments?post=2314"}],"version-history":[{"count":5,"href":"https:\/\/gosciniecukrysi.pl\/index.php\/wp-json\/wp\/v2\/pages\/2314\/revisions"}],"predecessor-version":[{"id":2428,"href":"https:\/\/gosciniecukrysi.pl\/index.php\/wp-json\/wp\/v2\/pages\/2314\/revisions\/2428"}],"wp:attachment":[{"href":"https:\/\/gosciniecukrysi.pl\/index.php\/wp-json\/wp\/v2\/media?parent=2314"}],"curies":[{"name":"wp","href":"https:\/\/api.w.org\/{rel}","templated":true}]}}