{"id":2292,"date":"2023-07-31T08:21:09","date_gmt":"2023-07-31T08:21:09","guid":{"rendered":"https:\/\/gosciniecukrysi.pl\/?page_id=2292"},"modified":"2023-08-10T11:31:21","modified_gmt":"2023-08-10T11:31:21","slug":"kontakt","status":"publish","type":"page","link":"https:\/\/gosciniecukrysi.pl\/index.php\/kontakt\/","title":{"rendered":"Kontakt"},"content":{"rendered":"<section class=\"wpb-content-wrapper\"><p>[vc_row][vc_column width=&#8221;1\/2&#8243;][vc_single_image image=&#8221;2297&#8243; img_size=&#8221;313&#215;173&#8243; alignment=&#8221;center&#8221;][vc_column_text]<\/p>\n<h3 style=\"text-align: center;\"><strong>Agroturystyka Go\u015bciniec u Krysi<br \/>\nKrystyna i Jan Strama<\/strong><\/h3>\n<p style=\"text-align: center;\">ul. Papieska 63<br \/>\n34-424 Ba\u0144ska Ni\u017cna<\/p>\n<p style=\"text-align: center;\"><strong>tel. 607 725 142<\/strong><br \/>\n<strong>tel. 18 27 541 44<\/strong><\/p>\n<p>[\/vc_column_text][vc_single_image image=&#8221;2296&#8243; img_size=&#8221;313&#215;173&#8243; alignment=&#8221;center&#8221;][vc_column_text]<\/p>\n<h3 style=\"text-align: center;\"><strong>G\u00f3ralski domek Smrekowe Zacisze<br \/>\nAdrianna i Adrian Strama<\/strong><\/h3>\n<p style=\"text-align: center;\">ul. Papieska 63<br \/>\n34-424 Ba\u0144ska Ni\u017cna<\/p>\n<p style=\"text-align: center;\"><strong>tel. 504 846 385<\/strong><\/p>\n<p>[\/vc_column_text][\/vc_column][vc_column width=&#8221;1\/2&#8243; overflow=&#8221;default&#8221; css=&#8221;.vc_custom_1691667080445{padding-right: 100px !important;}&#8221;][vc_gmaps link=&#8221;#E-8_JTNDaWZyYW1lJTIwc3JjJTNEJTIyaHR0cHMlM0ElMkYlMkZ3d3cuZ29vZ2xlLmNvbSUyRm1hcHMlMkZlbWJlZCUzRnBiJTNEJTIxMW0xOSUyMTFtOCUyMTFtMyUyMTFkMjE4Mi45MDcwNTY5NDU5MDM2JTIxMmQyMC4wMDgwNjY5MTc5MzMyMjglMjEzZDQ5LjQxMDI1NTg0Nzc1MzM5JTIxM20yJTIxMWkxMDI0JTIxMmk3NjglMjE0ZjEzLjElMjE0bTglMjEzZTYlMjE0bTAlMjE0bTUlMjExczB4NDcxNWVmZTZhOTllYjQ4MyUyNTNBMHg5OTM4MGEzYmJlMDljZjc4JTIxMnNnbyUyNUM1JTI1OUJjaW5pZWMlMjUyMHUlMjUyMGtyeXNpJTIxM20yJTIxMWQ0OS40MTA0MzklMjEyZDIwLjAxMDc5JTIxNWUwJTIxM20yJTIxMXNwbCUyMTJzcGwlMjE0djE2OTA3OTMwNzgwNTIlMjE1bTIlMjExc3BsJTIxMnNwbCUyMiUyMHdpZHRoJTNEJTIyNjAwJTIyJTIwaGVpZ2h0JTNEJTIyNDUwJTIyJTIwc3R5bGUlM0QlMjJib3JkZXIlM0EwJTNCJTIyJTIwYWxsb3dmdWxsc2NyZWVuJTNEJTIyJTIyJTIwbG9hZGluZyUzRCUyMmxhenklMjIlMjByZWZlcnJlcnBvbGljeSUzRCUyMm5vLXJlZmVycmVyLXdoZW4tZG93bmdyYWRlJTIyJTNFJTNDJTJGaWZyYW1lJTNF&#8221;][\/vc_column][\/vc_row]<\/p>\n<\/section>","protected":false},"excerpt":{"rendered":"<p>[vc_row][vc_column width=&#8221;1\/2&#8243;][vc_single_image image=&#8221;2297&#8243; img_size=&#8221;313&#215;173&#8243; alignment=&#8221;center&#8221;][vc_column_text] Agroturystyka Go\u015bciniec u Krysi Krystyna i Jan Strama ul. Papieska 63 34-424 Ba\u0144ska Ni\u017cna tel. 607 725 142 tel. 18 27 541 44 [\/vc_column_text][vc_single_image image=&#8221;2296&#8243; img_size=&#8221;313&#215;173&#8243; alignment=&#8221;center&#8221;][vc_column_text] G\u00f3ralski domek Smrekowe Zacisze Adrianna i Adrian Strama ul. Papieska 63 34-424 Ba\u0144ska&#8230;<\/p>\n","protected":false},"author":1,"featured_media":0,"parent":0,"menu_order":0,"comment_status":"closed","ping_status":"closed","template":"","meta":[],"_links":{"self":[{"href":"https:\/\/gosciniecukrysi.pl\/index.php\/wp-json\/wp\/v2\/pages\/2292"}],"collection":[{"href":"https:\/\/gosciniecukrysi.pl\/index.php\/wp-json\/wp\/v2\/pages"}],"about":[{"href":"https:\/\/gosciniecukrysi.pl\/index.php\/wp-json\/wp\/v2\/types\/page"}],"author":[{"embeddable":true,"href":"https:\/\/gosciniecukrysi.pl\/index.php\/wp-json\/wp\/v2\/users\/1"}],"replies":[{"embeddable":true,"href":"https:\/\/gosciniecukrysi.pl\/index.php\/wp-json\/wp\/v2\/comments?post=2292"}],"version-history":[{"count":4,"href":"https:\/\/gosciniecukrysi.pl\/index.php\/wp-json\/wp\/v2\/pages\/2292\/revisions"}],"predecessor-version":[{"id":2434,"href":"https:\/\/gosciniecukrysi.pl\/index.php\/wp-json\/wp\/v2\/pages\/2292\/revisions\/2434"}],"wp:attachment":[{"href":"https:\/\/gosciniecukrysi.pl\/index.php\/wp-json\/wp\/v2\/media?parent=2292"}],"curies":[{"name":"wp","href":"https:\/\/api.w.org\/{rel}","templated":true}]}}