{"id":2269,"date":"2023-07-29T19:40:04","date_gmt":"2023-07-29T19:40:04","guid":{"rendered":"https:\/\/gosciniecukrysi.pl\/?page_id=2269"},"modified":"2023-08-07T14:23:31","modified_gmt":"2023-08-07T14:23:31","slug":"drewniany-domek","status":"publish","type":"page","link":"https:\/\/gosciniecukrysi.pl\/index.php\/drewniany-domek\/","title":{"rendered":"Drewniany domek"},"content":{"rendered":"<section class=\"wpb-content-wrapper\"><p>[vc_row][vc_column][vc_column_text]<\/p>\n<p style=\"text-align: justify;\"><strong>Smrekowe Zacisze<\/strong> to drewniany domek <strong>usytuowany w otoczeniu \u015bwierk\u00f3w oraz niewielkiego stawu z karpiami, oddalony od dr\u00f3g, jest \u015bwietnym miejscem, by uciec od codzienno\u015bci.<\/strong> Mo\u017cna w nim przebywa\u0107 zar\u00f3wno w sezonie letnim, jak i zimowym. Wykonany w du\u017cej mierze z drewna zapewnia dobr\u0105 akustyk\u0119, temperatur\u0119 wn\u0119trza oraz przyjemnie oddzia\u0142uje na zmys\u0142y. <strong>Budynek posiada jeden poziom, na kt\u00f3rym mie\u015bci si\u0119 \u0142azienka, aneks kuchenny oraz salon. Dodatkowo nad kuchni\u0105 rozpo\u015bciera si\u0119 antresola, wyposa\u017cona w materace, zapewniaj\u0105ce miejsce do snu i odpoczynku.<\/strong> Domek wyposa\u017cony jest w <strong>telewizj\u0119, lod\u00f3wk\u0119, kuchenk\u0119 oraz pralk\u0119.<\/strong> Smrekowe Zacisze to klimatyczny i przyjemny zak\u0105tek, aby odpocz\u0105\u0107, nabra\u0107 si\u0142 lub wyjecha\u0107 z rodzin\u0105.<\/p>\n<p>[\/vc_column_text][\/vc_column][\/vc_row][vc_row][vc_column][vc_images_carousel images=&#8221;2423,2349,2350,2347,2348,2346,2345,2422,2425&#8243; img_size=&#8221;full&#8221; slides_per_view=&#8221;3&#8243;][\/vc_column][\/vc_row]<\/p>\n<\/section>","protected":false},"excerpt":{"rendered":"<p>[vc_row][vc_column][vc_column_text] Smrekowe Zacisze to drewniany domek usytuowany w otoczeniu \u015bwierk\u00f3w oraz niewielkiego stawu z karpiami, oddalony od dr\u00f3g, jest \u015bwietnym miejscem, by uciec od codzienno\u015bci. Mo\u017cna w nim przebywa\u0107 zar\u00f3wno w sezonie letnim, jak i zimowym. Wykonany w du\u017cej mierze z drewna zapewnia dobr\u0105 akustyk\u0119,&#8230;<\/p>\n","protected":false},"author":1,"featured_media":0,"parent":0,"menu_order":0,"comment_status":"closed","ping_status":"closed","template":"","meta":[],"_links":{"self":[{"href":"https:\/\/gosciniecukrysi.pl\/index.php\/wp-json\/wp\/v2\/pages\/2269"}],"collection":[{"href":"https:\/\/gosciniecukrysi.pl\/index.php\/wp-json\/wp\/v2\/pages"}],"about":[{"href":"https:\/\/gosciniecukrysi.pl\/index.php\/wp-json\/wp\/v2\/types\/page"}],"author":[{"embeddable":true,"href":"https:\/\/gosciniecukrysi.pl\/index.php\/wp-json\/wp\/v2\/users\/1"}],"replies":[{"embeddable":true,"href":"https:\/\/gosciniecukrysi.pl\/index.php\/wp-json\/wp\/v2\/comments?post=2269"}],"version-history":[{"count":7,"href":"https:\/\/gosciniecukrysi.pl\/index.php\/wp-json\/wp\/v2\/pages\/2269\/revisions"}],"predecessor-version":[{"id":2427,"href":"https:\/\/gosciniecukrysi.pl\/index.php\/wp-json\/wp\/v2\/pages\/2269\/revisions\/2427"}],"wp:attachment":[{"href":"https:\/\/gosciniecukrysi.pl\/index.php\/wp-json\/wp\/v2\/media?parent=2269"}],"curies":[{"name":"wp","href":"https:\/\/api.w.org\/{rel}","templated":true}]}}