{"id":2267,"date":"2023-07-29T19:38:36","date_gmt":"2023-07-29T19:38:36","guid":{"rendered":"https:\/\/gosciniecukrysi.pl\/?page_id=2267"},"modified":"2026-01-14T11:43:04","modified_gmt":"2026-01-14T11:43:04","slug":"cennik","status":"publish","type":"page","link":"https:\/\/gosciniecukrysi.pl\/index.php\/cennik\/","title":{"rendered":"Cennik"},"content":{"rendered":"<h1 style=\"text-align: center;\"><strong>Pakiet nocleg z pe\u0142nym wy\u017cywieniem (\u015bniadanie + obiadokolacja) to<\/strong><br \/>\n140 z\u0142\/doba<\/h1>\n<p>Nocleg \u2013 70 z\u0142<br \/>\n\u015aniadanie \u2013 30 z\u0142<br \/>\nObiadokolacja \u2013 40 z\u0142<\/p>\n<p>* Dzieci do <strong>3 roku \u017cycia GRATIS<\/strong>. Dzieci<strong> do 10 roku <\/strong>\u017cycia \u2013 <b>100 z\u0142\/doba (nocleg z wy\u017cywieniem)<\/b><\/p>\n<p>** Cena pobytu w okresie Bo\u017cego Narodzenia i sylwestra ustalana jest telefonicznie.<\/p>\n<p>*** Istnieje mo\u017cliwo\u015b\u0107 zakupu bonu wypoczynkowego dla siebie lub bliskich.<\/p>\n","protected":false},"excerpt":{"rendered":"<p>Pakiet nocleg z pe\u0142nym wy\u017cywieniem (\u015bniadanie + obiadokolacja) to 140 z\u0142\/doba Nocleg \u2013 70 z\u0142 \u015aniadanie \u2013 30 z\u0142 Obiadokolacja \u2013 40 z\u0142 * Dzieci do 3 roku \u017cycia GRATIS. Dzieci do 10 roku \u017cycia \u2013 100 z\u0142\/doba (nocleg z wy\u017cywieniem) ** Cena pobytu w&#8230;<\/p>\n","protected":false},"author":1,"featured_media":0,"parent":0,"menu_order":0,"comment_status":"closed","ping_status":"closed","template":"","meta":[],"_links":{"self":[{"href":"https:\/\/gosciniecukrysi.pl\/index.php\/wp-json\/wp\/v2\/pages\/2267"}],"collection":[{"href":"https:\/\/gosciniecukrysi.pl\/index.php\/wp-json\/wp\/v2\/pages"}],"about":[{"href":"https:\/\/gosciniecukrysi.pl\/index.php\/wp-json\/wp\/v2\/types\/page"}],"author":[{"embeddable":true,"href":"https:\/\/gosciniecukrysi.pl\/index.php\/wp-json\/wp\/v2\/users\/1"}],"replies":[{"embeddable":true,"href":"https:\/\/gosciniecukrysi.pl\/index.php\/wp-json\/wp\/v2\/comments?post=2267"}],"version-history":[{"count":8,"href":"https:\/\/gosciniecukrysi.pl\/index.php\/wp-json\/wp\/v2\/pages\/2267\/revisions"}],"predecessor-version":[{"id":2444,"href":"https:\/\/gosciniecukrysi.pl\/index.php\/wp-json\/wp\/v2\/pages\/2267\/revisions\/2444"}],"wp:attachment":[{"href":"https:\/\/gosciniecukrysi.pl\/index.php\/wp-json\/wp\/v2\/media?parent=2267"}],"curies":[{"name":"wp","href":"https:\/\/api.w.org\/{rel}","templated":true}]}}