{"id":2,"date":"2023-07-26T19:11:13","date_gmt":"2023-07-26T19:11:13","guid":{"rendered":"http:\/\/gosciniecukrysi.pl\/?page_id=2"},"modified":"2023-08-07T14:25:26","modified_gmt":"2023-08-07T14:25:26","slug":"sample-page","status":"publish","type":"page","link":"https:\/\/gosciniecukrysi.pl\/index.php\/sample-page\/","title":{"rendered":"O nas"},"content":{"rendered":"<section class=\"wpb-content-wrapper\"><p>[vc_row][vc_column][vc_column_text]<\/p>\r\n<p style=\"text-align: justify;\"><strong>Go\u015bciniec u Krysi<\/strong>\u00a0to idealna baza wypadowa dla ka\u017cdego. Go\u015bciniec usytuowany jest w malowniczej miejscowo\u015bci\u00a0<strong>Ba\u0144ska Ni\u017cna<\/strong>, w sercu Podhala. Gdzie nie spojrze\u0107, roztacza si\u0119 zapieraj\u0105cy dech w piersiach widok. Blisko\u015b\u0107 przyrody, rozleg\u0142e tereny i wyj\u0105tkowe krajobrazy sprawiaj\u0105, \u017ce Go\u015bciniec u Krysi to idealne miejsce na wakacje z rodzin\u0105, romantyczny weekend We Dwoje, a tak\u017ce spotkanie z przyjaci\u00f3\u0142mi. Cechuje Nas<strong>\u00a0\u017cyczliwa i rodzinna atmosfera<\/strong>, dzi\u0119ki kt\u00f3rej pobyt w naszych progach z pewno\u015bci\u0105 b\u0119dzie niezapomniany i pozostawi wiele ciep\u0142ych wspomnie\u0144.<\/p>\r\n\r\n<p style=\"text-align: justify;\">Po przyje\u017adzie do Go\u015bci\u0144ca, do dyspozycji go\u015bciom oddajemy komfortowe pokoje. Ka\u017cdy pok\u00f3j posiada w\u0142asn\u0105 \u0142azienk\u0119 oraz jest wyposa\u017cony w telewizor. Go\u015bcie mog\u0105 korzysta\u0107 z ca\u0142ego kompleksu (bawialni, jadalni, altany, ogrodu, stawu). Na terenie ca\u0142ego obiektu dost\u0119pny jest darmowy internet Wi-Fi. W og\u00f3lnodost\u0119pnym aneksie kuchennym znajd\u0105 Pa\u0144stwo niezb\u0119dne naczynia oraz lod\u00f3wk\u0119.<\/p>\r\n\r\n<p style=\"text-align: justify;\">Zapraszamy tak\u017ce do korzystania z naszej oferty \u015bniada\u0144 i obiadokolacji.\u00a0<strong>Tradycyjna kuchnia<\/strong>\u00a0i regionalne oraz\u00a0<strong>swojskie wyroby<\/strong>\u00a0na pewno zapadn\u0105 w pami\u0119\u0107 Waszym kubkom smakowym. Zapraszamy do galerii.<\/p>\r\n\r\n<p style=\"text-align: justify;\">W Go\u015bci\u0144cu u Krysi zajmujemy si\u0119 r\u00f3wnie\u017c organizacj\u0105 corocznie \u015bwi\u0105t bo\u017conarodzeniowych oraz wielkanocnych, a tak\u017ce zabawy sylwestrowej i innych imprez okoliczno\u015bciowych. Z rado\u015bci\u0105 towarzyszymy Naszym Go\u015bciom podczas wa\u017cnych chwil, staraj\u0105c si\u0119 uczyni\u0107 je jeszcze pi\u0119kniejszymi.\u00a0<\/p>\r\n<p>&nbsp;<\/p>\r\n<h1 style=\"text-align: center;\"><strong>NAGRODY I WYR\u00d3\u017bNIENIA<\/strong><\/h1>\r\n\r\n<p style=\"text-align: justify;\">Nasza kuchnia zosta\u0142a wielokrotnie doceniona przez wybitnych znawc\u00f3w kulinarnych. Jeste\u015bmy laureatem p\u00f3\u0142fina\u0142u IV Ma\u0142opolskiego Festiwalu Smaku zorganizowanego w trakcie IX Jarmarku Podhala\u0144skiego 24 sierpnia 2008 r.\u00a0Otrzymali\u015bmy w\u00f3wczas\u00a0<b>I miejsce<\/b>\u00a0w kategorii \u201e<i>Dania przygotowane samodzielnie przez ko\u0142a gospody\u0144 wiejskich, gospodarstwa agroturystyczne, stowarzyszenia i inne organizacje, osoby fizyczne\u201d\u00a0<\/i>\u00a0za przygotowanie regionalnej potrawy jak\u0105 jest\u00a0<b>kwa\u015bnica<\/b>.<\/p>\r\n<p style=\"text-align: justify;\">W dniach 20-21 wrze\u015bnia na krakowskim kiermaszu podczas Fina\u0142owego Ma\u0142opolskiego Festiwalu Smaku zaprezentowano najlepsze smaki Ma\u0142opolski i wy\u0142oniono zwyci\u0119zc\u00f3w \u2013 producent\u00f3w najlepszych, sztandarowych regionalnych wyrob\u00f3w. Jako\u015b\u0107 wyrob\u00f3w ocenia\u0142a publiczno\u015b\u0107, ale przede wszystkim profesjonalne jury, kt\u00f3re tworzyli tacy\u00a0<b>mistrzowie kulinarni<\/b>\u00a0jak:\u00a0<b>Jerzy Pasikowski<\/b>, Teo Vafidis,\u00a0<b>Kurt Scheller<\/b>, Zbigniew Kurleto, Stanis\u0142aw Chuchrzak i Mirek Drewniak. Nasza kuchnia\u00a0<b>po raz kolejny otrzyma\u0142a I miejsce.<\/b><\/p>\r\n<p style=\"text-align: justify;\"><strong>P\u00f3\u0142fina\u0142u V Ma\u0142opolskiego Festiwalu Smaku<\/strong>, r\u00f3wnie\u017c okaza\u0142 si\u0119 wielkim sukcesem, gdy\u017c Jury oraz publiczno\u015b\u0107 po raz kolejny nas nagrodzi\u0142a, tym razem za \u201e<i>\u017curek na \u015bwi\u0144skim ogonie z bia\u0142\u0105 kie\u0142bas\u0105.\u201d<\/i><\/p>\r\n<p style=\"text-align: justify;\">Mo\u017cemy pochwali\u0107 si\u0119 r\u00f3wnie\u017c dyplomem za zaj\u0119cie\u00a0<strong>I miejsca w konkursie \u201eOgrody Gminy Szaflary\u201d<\/strong>, kt\u00f3ry odby\u0142 si\u0119 25 wrze\u015bnia 2017 r. Zostali\u015bmy r\u00f3wnie\u017c laureatem\u00a0<strong>wojew\u00f3dzkiego konkursu agroturystycznego\u00a0<\/strong>\u201eZielone Lato 2008\u201d, zdobywaj\u0105c w\u00f3wczas<strong>\u00a0I miejsce.<\/strong>\u00a0<\/p>\r\n<p>[\/vc_column_text][\/vc_column][\/vc_row][vc_row][vc_column][vc_gallery type=&#8221;image_grid&#8221; images=&#8221;2289,2290&#8243; img_size=&#8221;full&#8221;][\/vc_column][\/vc_row]<\/p><\/section>","protected":false},"excerpt":{"rendered":"<p>[vc_row][vc_column][vc_column_text] Go\u015bciniec u Krysi\u00a0to idealna baza wypadowa dla ka\u017cdego. Go\u015bciniec usytuowany jest w malowniczej miejscowo\u015bci\u00a0Ba\u0144ska Ni\u017cna, w sercu Podhala. Gdzie nie spojrze\u0107, roztacza si\u0119 zapieraj\u0105cy dech w piersiach widok. Blisko\u015b\u0107 przyrody, rozleg\u0142e tereny i wyj\u0105tkowe krajobrazy sprawiaj\u0105, \u017ce Go\u015bciniec u Krysi to idealne miejsce na&#8230;<\/p>\n","protected":false},"author":1,"featured_media":0,"parent":0,"menu_order":0,"comment_status":"closed","ping_status":"open","template":"","meta":[],"_links":{"self":[{"href":"https:\/\/gosciniecukrysi.pl\/index.php\/wp-json\/wp\/v2\/pages\/2"}],"collection":[{"href":"https:\/\/gosciniecukrysi.pl\/index.php\/wp-json\/wp\/v2\/pages"}],"about":[{"href":"https:\/\/gosciniecukrysi.pl\/index.php\/wp-json\/wp\/v2\/types\/page"}],"author":[{"embeddable":true,"href":"https:\/\/gosciniecukrysi.pl\/index.php\/wp-json\/wp\/v2\/users\/1"}],"replies":[{"embeddable":true,"href":"https:\/\/gosciniecukrysi.pl\/index.php\/wp-json\/wp\/v2\/comments?post=2"}],"version-history":[{"count":5,"href":"https:\/\/gosciniecukrysi.pl\/index.php\/wp-json\/wp\/v2\/pages\/2\/revisions"}],"predecessor-version":[{"id":2327,"href":"https:\/\/gosciniecukrysi.pl\/index.php\/wp-json\/wp\/v2\/pages\/2\/revisions\/2327"}],"wp:attachment":[{"href":"https:\/\/gosciniecukrysi.pl\/index.php\/wp-json\/wp\/v2\/media?parent=2"}],"curies":[{"name":"wp","href":"https:\/\/api.w.org\/{rel}","templated":true}]}}